{"id":16,"date":"2017-07-20T12:02:35","date_gmt":"2017-07-20T10:02:35","guid":{"rendered":"http:\/\/localhost\/wordpress\/?page_id=16"},"modified":"2018-12-28T11:14:02","modified_gmt":"2018-12-28T10:14:02","slug":"accueil","status":"publish","type":"page","link":"https:\/\/www.havelette-avocats-rouen.aha-avocats.fr\/accueil\/","title":{"rendered":"Accueil"},"content":{"rendered":"\n<div class=\"is-layout-flex wp-container-3 wp-block-columns has-2-columns\">\n<div class=\"is-layout-flow wp-block-column\">\n<p>Le cabinet de <strong>Maitre Agn\u00e8s Havelette,<\/strong> Avocate au Barreau de Rouen, est situ\u00e9 \u00e0 Bois-Guillaume, \u00e0 10 minutes du centre ville de Rouen en transports en commun.<\/p>\n\n\n\n<p><strong>Le cabinet est sp\u00e9cialis\u00e9 dans les domaines suivants :<\/strong><\/p>\n\n\n\n<blockquote class=\"wp-block-quote\"><p><strong>Droit commercial des affaires et de la concurrence<\/strong> avec la qualification sp\u00e9cifique \u00ab\u00a0<strong>Proc\u00e9dures Collectives<\/strong>\u00a0\u00bb <\/p><\/blockquote>\n\n\n\n<blockquote class=\"wp-block-quote\"><p><strong>Droit Bancaire et Boursier<\/strong><\/p><\/blockquote>\n\n\n\n<p><\/p>\n<\/div>\n\n\n\n<div class=\"is-layout-flow wp-block-column\">\r\n\t<ul id=\"slideshowgallery1917\" class=\"slideshowgallery1917\" style=\"display:none;\">\r\n\t\t\t\t\t<!-- From all slides or gallery slides -->\r\n\t\t\t\t\t\t\t\r\n\t\t\t\t<li>\r\n\t\t\t\t\t<h3 style=\"opacity:70;\"><\/h3>\r\n\t\t\t\t\t\t\t\t\t\t\t<span data-alt=\"aha3\">https:\/\/www.havelette-avocats-rouen.aha-avocats.fr\/wp-content\/uploads\/2019\/01\/053A1168-225-00001-020119-095700.jpg<\/span>\r\n\t\t\t\t\t\t\t\t\t\t<p><\/p>\r\n\t\t\t\t\t\t\t\t\t\t\t\t\t\t\t\t\t\t<a><\/a>\r\n\t\t\t\t\t\t\t\t\t\t\t\t\t\t\t<\/li>\r\n\t\t\t\t\t\t\t\r\n\t\t\t\t<li>\r\n\t\t\t\t\t<h3 style=\"opacity:70;\"><\/h3>\r\n\t\t\t\t\t\t\t\t\t\t\t<span data-alt=\"aha02\">https:\/\/www.havelette-avocats-rouen.aha-avocats.fr\/wp-content\/uploads\/2018\/12\/053A0789-225-00001-161218-144317.jpg<\/span>\r\n\t\t\t\t\t\t\t\t\t\t<p><\/p>\r\n\t\t\t\t\t\t\t\t\t\t\t\t\t\t\t\t\t\t<a><\/a>\r\n\t\t\t\t\t\t\t\t\t\t\t\t\t\t\t<\/li>\r\n\t\t\t\t\t\t\t\r\n\t\t\t\t<li>\r\n\t\t\t\t\t<h3 style=\"opacity:70;\"><\/h3>\r\n\t\t\t\t\t\t\t\t\t\t\t<span data-alt=\"aha01\">https:\/\/www.havelette-avocats-rouen.aha-avocats.fr\/wp-content\/uploads\/2018\/12\/053A0793-Modifier-225-00001-161218-144546.jpg<\/span>\r\n\t\t\t\t\t\t\t\t\t\t<p><\/p>\r\n\t\t\t\t\t\t\t\t\t\t\t\t\t\t\t\t\t\t<a><\/a>\r\n\t\t\t\t\t\t\t\t\t\t\t\t\t\t\t<\/li>\r\n\t\t\t\t\t\t<\/ul>\r\n\t\r\n\t<div id=\"slideshow-wrappergallery1917\" class=\"slideshow-wrapper\">\r\n\t\t\t\r\n\t\t<div class=\"slideshow-fullsize\" id=\"fullsizegallery1917\">\r\n\t\t\t\t\t\t\t\t\t\t\t\t\t\t<div id=\"imgprevgallery1917\" class=\"slideshow-imgprev imgnav\" title=\"Previous Image\">Previous Image<\/div>\r\n\t\t\t\t\t\t<a id=\"imglinkgallery1917\" class=\"slideshow-imglink imglink\"><!-- link --><\/a>\r\n\t\t\t\t\t\t\t\t\t\t\t<div id=\"imgnextgallery1917\" class=\"slideshow-imgnext imgnav\" title=\"Next Image\">Next Image<\/div>\r\n\t\t\t\t\t\t<div id=\"imagegallery1917\" class=\"slideshow-image\"><\/div>\r\n\t\t\t<div class=\"slideshow-information infobottom\" id=\"informationgallery1917\">\r\n\t\t\t\t<h3 class=\"slideshow-info-heading\">info heading<\/h3>\r\n\t\t\t\t<p class=\"slideshow-info-content\">info content<\/p>\r\n\t\t\t<\/div>\r\n\t\t<\/div>\r\n\t\t\r\n\t\t\t<\/div>\r\n\t\r\n\t\t\r\n\t<!--[if IE 6]>\r\n\t<style type=\"text\/css\">\r\n\t.imglink, #imglink { display: none !important; }\r\n\t.linkhover { display: none !important; }\r\n\t<\/style>\r\n\t<![endif]-->\r\n\t\r\n\t<!-- Slideshow Gallery Javascript BEG -->\t\t<script type=\"text\/javascript\">\tjQuery.noConflict();\ttid('slideshowgallery1917').style.display = \"none\";\ttid('slideshow-wrappergallery1917').style.display = 'block';\ttid('slideshow-wrappergallery1917').style.visibility = 'hidden';\tjQuery(\"#fullsizegallery1917\").append('<div id=\"spinnergallery1917\"><i class=\"fa fa-cog fa-spin\"><\/i><\/div>');\ttid('spinnergallery1917').style.visibility = 'visible';\tvar slideshowgallery1917 = new TINY.slideshow(\"slideshowgallery1917\");\tjQuery(document).ready(function() {\t\tslideshowgallery1917.auto = true;\t\tslideshowgallery1917.speed = 10;\t\tslideshowgallery1917.effect = \"fade\";\t\tslideshowgallery1917.slide_direction = \"lr\";\t\tslideshowgallery1917.easing = \"swing\";\t\tslideshowgallery1917.alwaysauto = true;\t\tslideshowgallery1917.autoheight = false;\t\tslideshowgallery1917.autoheight_max = false;\t\tslideshowgallery1917.imgSpeed = 20;\t\tslideshowgallery1917.navOpacity = 25;\t\tslideshowgallery1917.navHover = 75;\t\tslideshowgallery1917.letterbox = \"#000000\";\t\tslideshowgallery1917.linkclass = \"linkhover\";\t\tslideshowgallery1917.imagesid = \"imagesgallery1917\";\t\tslideshowgallery1917.info = \"informationgallery1917\";\t\tslideshowgallery1917.infoonhover = 0;\t\tslideshowgallery1917.infoSpeed = 10;\t\tslideshowgallery1917.infodelay = 0;\t\tslideshowgallery1917.infofade = 0;\t\tslideshowgallery1917.infofadedelay = 0;\t\tslideshowgallery1917.thumbs = \"\";\t\tslideshowgallery1917.thumbOpacity = 70;\t\tslideshowgallery1917.left = \"slideleftgallery1917\";\t\tslideshowgallery1917.right = \"sliderightgallery1917\";\t\tslideshowgallery1917.scrollSpeed = 5;\t\tslideshowgallery1917.spacing = 5;\t\tslideshowgallery1917.active = \"\";\t\tslideshowgallery1917.imagesthickbox = \"false\";\t\tjQuery(\"#spinnergallery1917\").remove();\t\tslideshowgallery1917.init(\"slideshowgallery1917\",\"imagegallery1917\",\"imgprevgallery1917\",\"imgnextgallery1917\",\"imglinkgallery1917\");\t\ttid('slideshow-wrappergallery1917').style.visibility = 'visible';\t\tjQuery(window).trigger('resize');\t\t\t\t\t});\t\t\t\tjQuery(window).resize(function() {\t\t\tvar width = jQuery('#slideshow-wrappergallery1917').width();\t\t\tvar resheight = 50;\t\t\tvar height = Math.round(((resheight \/ 100) * width));\t\t\tjQuery('#fullsizegallery1917').height(height);\t\t});\t\t<\/script>\t\t<!-- Slideshow Gallery Javascript END --><!-- Slideshow Gallery CSS BEG --><style id=\"style-gallery1917\">\t\tul.slideshowgallery1917 { list-style:none !important; color:#fff; }\r\n\t\tul.slideshowgallery1917 span { display:none; }\r\n\t\t#slideshow-wrappergallery1917 { overflow: hidden; position:relative; width:100%; background:#000000; padding:0 0 0 0; border:1px solid #CCCCCC; margin:0; display:none; }\r\n\t\t#slideshow-wrappergallery1917 * { margin:0; padding:0; }\r\n\t\t#slideshow-wrappergallery1917 #fullsizegallery1917 { position:relative; z-index:1; overflow:hidden; width:100%; height:50%; clear:both; border: none; }\r\n\t\t#slideshow-wrappergallery1917 #informationgallery1917 { text-align:left; font-family:Verdana, Arial, Helvetica, sans-serif !important; position:absolute; width:100%; height:0; background:#000000; color:#FFFFFF; overflow:hidden; z-index:300; opacity:.7; filter:alpha(opacity=70); }\r\n\t\t#slideshow-wrappergallery1917 #informationgallery1917 h3 { color:#FFFFFF; padding:4px 8px 3px; margin:0 !important; font-size:16px; font-weight:bold; }\r\n\t\t#slideshow-wrappergallery1917 #informationgallery1917 a { color:#FFFFFF; }\r\n\t\t#slideshow-wrappergallery1917 #informationgallery1917 p { color:#FFFFFF; padding:0 8px 8px; margin:0 !important; font-size: 14px; font-weight:normal; }\r\n\t\t#slideshow-wrappergallery1917 .infotop { margin-bottom:8px !important; top:0!important; }\r\n\t\t#slideshow-wrappergallery1917 .infobottom { margin-top:8px !important; bottom:0!important; }\r\n\t\t\t\t\t#slideshow-wrappergallery1917 #imagegallery1917 { width:100%; }\r\n\t\t\t#slideshow-wrappergallery1917 #imagegallery1917 img { border:none; border-radius:0; box-shadow:none; position:absolute; height:auto; width:100%; margin:0 auto; display:block; }\r\n\t\t\t\t#slideshow-wrappergallery1917 .imgnav { position:absolute; width:25%; height:100%; cursor:pointer; z-index:250; }\r\n\t\t#slideshow-wrappergallery1917 #imgprevgallery1917:before { font-family:FontAwesome; content:\"\\f053\"; font-size:30px; color:white; visibility:visible; left:0; text-align:left; width: auto; height:auto; line-height:160%; top:50%; margin:-30px 0 0 0; border-radius:0 10px 10px 0; background:black; padding:3px 10px 0 10px; position: absolute; display: inline-block; \t}\r\n\t\t#slideshow-wrappergallery1917 #imgprevgallery1917 { display:none; -moz-user-select: none; -khtml-user-select: none; -webkit-user-select: none; -o-user-select: none; left:0; font-size:0px; }\r\n\t\t#slideshow-wrappergallery1917 #imgnextgallery1917:before { font-family:FontAwesome; content:\"\\f054\"; font-size:30px; color:white; visibility:visible; right:0; text-align:right; width: auto; height:auto; line-height:160%; top:50%; margin:-30px 0 0 0; border-radius:10px 0 0 10px; background:black; padding:3px 10px 0 10px; position: absolute; display: inline-block; }\r\n\t\t#slideshow-wrappergallery1917 #imgnextgallery1917 { display:none; -moz-user-select: none; -khtml-user-select: none; -webkit-user-select: none; -o-user-select: none; right:0; font-size:0px; }\r\n\t\t#slideshow-wrappergallery1917 #imglinkgallery1917 { position:absolute; zoom:1; background-color:#ffffff; height:100%; width:100%; left:0; z-index:149; opacity:0; filter:alpha(opacity=0); }\r\n\t\t#slideshow-wrappergallery1917 .linkhover:before { font-family:FontAwesome; content:\"\\f14c\"; font-size:30px; text-align:center; height:auto; line-height:160%; width:auto; top:50%; left:auto; right:auto; margin:-30px 0 0 0; padding:0px 12px; display: inline-block; position: relative; background:black; color:white; border-radius:10px; }\r\n\t\t#slideshow-wrappergallery1917 .linkhover { background:transparent !important; opacity:.4 !important; filter:alpha(opacity=40) !important; text-align:center; font-size:0px; }\r\n\t\t#slideshow-wrappergallery1917 #thumbnailsgallery1917 { background:#000000; height:89px; width:100%; position:relative; overflow:hidden; }\r\n\t\t#slideshow-wrappergallery1917 .thumbstop { margin-bottom:8px !important; }\r\n\t\t#slideshow-wrappergallery1917 .thumbsbot { margin-top:8px !important; }\r\n\t\t#slideshow-wrappergallery1917 #slideleftgallery1917:before { font-family:FontAwesome; content: \"\\f104\"; color:#999; position: absolute; height: auto; line-height:160%; width: auto; display: inline-block; top: 50%; font-size: 30px; margin: -30px 0 0 0; padding: 0 5px; }\r\n\t\t#slideshow-wrappergallery1917 #slideleftgallery1917 { text-align:left; float:left; position:absolute; left:0; z-index:150; width:20px; height:89px; background:#222; }\r\n\t\t#slideshow-wrappergallery1917 #slideleftgallery1917:hover { background-color:#333; }\r\n\t\t#slideshow-wrappergallery1917 #sliderightgallery1917:before { font-family:FontAwesome; content: \"\\f105\"; color:#999; position: absolute; height: auto; line-height:160%; width: auto; display: inline-block; top: 50%; font-size: 30px; margin: -30px 0 0 0; padding: 0 5px; }\r\n\t\t#slideshow-wrappergallery1917 #sliderightgallery1917 { text-align:left; float:right; position:absolute; right:0; z-index:150; width:20px; height:89px; background:#222; }\r\n\t\t#slideshow-wrappergallery1917 #sliderightgallery1917:hover { background-color:#333; }\r\n\t\t#slideshow-wrappergallery1917 #slideareagallery1917 { float:left; position:absolute; z-index:149; background:#000000; width:100%; margin:0; height:89px; overflow:hidden; }\r\n\t\t#slideshow-wrappergallery1917 #slidergallery1917 { position:absolute; width:393px !important; left:0; height:89px; padding:3px 20px 0 25px; }\r\n\t\t#slideshow-wrappergallery1917 #slidergallery1917 img { width:100px; height:75px; cursor:pointer; border:1px solid #666; padding:2px; float:left !important; }\r\n\t\t#slideshow-wrappergallery1917 #spinnergallery1917 { position:relative; top:50%; left:45%; text-align:left; font-size:30px; }\r\n\t\t#slideshow-wrappergallery1917 #spinnergallery1917 img { border:none; }\r\n\t\r\n\t\t\t\t@media (max-width:480px) { \t.slideshow-information { display: none !important; } }\r\n\t\t\t\t\t\t@media (max-width:480px) { \t.slideshow-thumbnails { display: none !important; } }\r\n\t\t\t<\/style><!-- Slideshow Gallery CSS END -->\n<\/div>\n<\/div>\n\n\n\n<div style=\"height:226px\" aria-hidden=\"true\" class=\"wp-block-spacer\"><\/div>\n","protected":false},"excerpt":{"rendered":"<p>Le cabinet de Maitre Agn\u00e8s Havelette, Avocate au Barreau de Rouen, est situ\u00e9 \u00e0 Bois-Guillaume, \u00e0 10 minutes du centre ville de Rouen en transports en commun. Le cabinet est sp\u00e9cialis\u00e9 dans les domaines suivants : Droit commercial des affaires et de la concurrence avec la qualification sp\u00e9cifique \u00ab\u00a0Proc\u00e9dures Collectives\u00a0\u00bb Droit Bancaire et Boursier<\/p>\n","protected":false},"author":1,"featured_media":0,"parent":0,"menu_order":0,"comment_status":"closed","ping_status":"closed","template":"","meta":[],"yoast_head":"<!-- This site is optimized with the Yoast SEO plugin v19.3 - https:\/\/yoast.com\/wordpress\/plugins\/seo\/ -->\n<title>Accueil | Agn\u00e8s HAVELETTE | Avocat au barreau de Rouen<\/title>\n<meta name=\"description\" content=\"Le cabinet de Maitre Agn\u00e8s Havelette, avocats \u00e0 Rouen, est sp\u00e9cialis\u00e9 en Droit commercial des affaires et de la concurrence et en Droit Bancaire et Boursier\" \/>\n<meta name=\"robots\" content=\"index, follow, max-snippet:-1, max-image-preview:large, max-video-preview:-1\" \/>\n<link rel=\"canonical\" href=\"https:\/\/www.havelette-avocats-rouen.aha-avocats.fr\/accueil\/\" \/>\n<meta property=\"og:locale\" content=\"fr_FR\" \/>\n<meta property=\"og:type\" content=\"article\" \/>\n<meta property=\"og:title\" content=\"Accueil | Agn\u00e8s HAVELETTE | Avocat au barreau de Rouen\" \/>\n<meta property=\"og:description\" content=\"Le cabinet de Maitre Agn\u00e8s Havelette, avocats \u00e0 Rouen, est sp\u00e9cialis\u00e9 en Droit commercial des affaires et de la concurrence et en Droit Bancaire et Boursier\" \/>\n<meta property=\"og:url\" content=\"https:\/\/www.havelette-avocats-rouen.aha-avocats.fr\/accueil\/\" \/>\n<meta property=\"og:site_name\" content=\"Agn\u00e8s HAVELETTE\" \/>\n<meta property=\"article:modified_time\" content=\"2018-12-28T10:14:02+00:00\" \/>\n<meta name=\"twitter:card\" content=\"summary_large_image\" \/>\n<script type=\"application\/ld+json\" class=\"yoast-schema-graph\">{\"@context\":\"https:\/\/schema.org\",\"@graph\":[{\"@type\":\"Organization\",\"@id\":\"https:\/\/www.havelette-avocats-rouen.aha-avocats.fr\/accueil\/#organization\",\"name\":\"Agn\u00e8s HAVELETTE\",\"url\":\"https:\/\/www.havelette-avocats-rouen.aha-avocats.fr\/accueil\/\",\"sameAs\":[],\"logo\":{\"@type\":\"ImageObject\",\"inLanguage\":\"fr-FR\",\"@id\":\"https:\/\/www.havelette-avocats-rouen.aha-avocats.fr\/accueil\/#\/schema\/logo\/image\/\",\"url\":\"https:\/\/www.havelette-avocats-rouen.aha-avocats.fr\/wp-content\/uploads\/2019\/04\/cropped-logo-grand-hd-contour-blacn-1-1.png\",\"contentUrl\":\"https:\/\/www.havelette-avocats-rouen.aha-avocats.fr\/wp-content\/uploads\/2019\/04\/cropped-logo-grand-hd-contour-blacn-1-1.png\",\"width\":2220,\"height\":696,\"caption\":\"Agn\u00e8s HAVELETTE\"},\"image\":{\"@id\":\"https:\/\/www.havelette-avocats-rouen.aha-avocats.fr\/accueil\/#\/schema\/logo\/image\/\"}},{\"@type\":\"WebSite\",\"@id\":\"https:\/\/www.havelette-avocats-rouen.aha-avocats.fr\/accueil\/#website\",\"url\":\"https:\/\/www.havelette-avocats-rouen.aha-avocats.fr\/accueil\/\",\"name\":\"Agn\u00e8s HAVELETTE\",\"description\":\"Avocat au barreau de Rouen\",\"publisher\":{\"@id\":\"https:\/\/www.havelette-avocats-rouen.aha-avocats.fr\/accueil\/#organization\"},\"potentialAction\":[{\"@type\":\"SearchAction\",\"target\":{\"@type\":\"EntryPoint\",\"urlTemplate\":\"https:\/\/www.havelette-avocats-rouen.aha-avocats.fr\/accueil\/?s={search_term_string}\"},\"query-input\":\"required name=search_term_string\"}],\"inLanguage\":\"fr-FR\"},{\"@type\":\"WebPage\",\"@id\":\"https:\/\/www.havelette-avocats-rouen.aha-avocats.fr\/accueil\/\",\"url\":\"https:\/\/www.havelette-avocats-rouen.aha-avocats.fr\/accueil\/\",\"name\":\"Accueil | Agn\u00e8s HAVELETTE | Avocat au barreau de Rouen\",\"isPartOf\":{\"@id\":\"https:\/\/www.havelette-avocats-rouen.aha-avocats.fr\/accueil\/#website\"},\"datePublished\":\"2017-07-20T10:02:35+00:00\",\"dateModified\":\"2018-12-28T10:14:02+00:00\",\"description\":\"Le cabinet de Maitre Agn\u00e8s Havelette, avocats \u00e0 Rouen, est sp\u00e9cialis\u00e9 en Droit commercial des affaires et de la concurrence et en Droit Bancaire et Boursier\",\"breadcrumb\":{\"@id\":\"https:\/\/www.havelette-avocats-rouen.aha-avocats.fr\/accueil\/#breadcrumb\"},\"inLanguage\":\"fr-FR\",\"potentialAction\":[{\"@type\":\"ReadAction\",\"target\":[\"https:\/\/www.havelette-avocats-rouen.aha-avocats.fr\/accueil\/\"]}]},{\"@type\":\"BreadcrumbList\",\"@id\":\"https:\/\/www.havelette-avocats-rouen.aha-avocats.fr\/accueil\/#breadcrumb\",\"itemListElement\":[{\"@type\":\"ListItem\",\"position\":1,\"name\":\"Accueil\",\"item\":\"https:\/\/www.havelette-avocats-rouen.aha-avocats.fr\/accueil\/\"},{\"@type\":\"ListItem\",\"position\":2,\"name\":\"Accueil\"}]}]}<\/script>\n<!-- \/ Yoast SEO plugin. -->","yoast_head_json":{"title":"Accueil | Agn\u00e8s HAVELETTE | Avocat au barreau de Rouen","description":"Le cabinet de Maitre Agn\u00e8s Havelette, avocats \u00e0 Rouen, est sp\u00e9cialis\u00e9 en Droit commercial des affaires et de la concurrence et en Droit Bancaire et Boursier","robots":{"index":"index","follow":"follow","max-snippet":"max-snippet:-1","max-image-preview":"max-image-preview:large","max-video-preview":"max-video-preview:-1"},"canonical":"https:\/\/www.havelette-avocats-rouen.aha-avocats.fr\/accueil\/","og_locale":"fr_FR","og_type":"article","og_title":"Accueil | Agn\u00e8s HAVELETTE | Avocat au barreau de Rouen","og_description":"Le cabinet de Maitre Agn\u00e8s Havelette, avocats \u00e0 Rouen, est sp\u00e9cialis\u00e9 en Droit commercial des affaires et de la concurrence et en Droit Bancaire et Boursier","og_url":"https:\/\/www.havelette-avocats-rouen.aha-avocats.fr\/accueil\/","og_site_name":"Agn\u00e8s HAVELETTE","article_modified_time":"2018-12-28T10:14:02+00:00","twitter_card":"summary_large_image","schema":{"@context":"https:\/\/schema.org","@graph":[{"@type":"Organization","@id":"https:\/\/www.havelette-avocats-rouen.aha-avocats.fr\/accueil\/#organization","name":"Agn\u00e8s HAVELETTE","url":"https:\/\/www.havelette-avocats-rouen.aha-avocats.fr\/accueil\/","sameAs":[],"logo":{"@type":"ImageObject","inLanguage":"fr-FR","@id":"https:\/\/www.havelette-avocats-rouen.aha-avocats.fr\/accueil\/#\/schema\/logo\/image\/","url":"https:\/\/www.havelette-avocats-rouen.aha-avocats.fr\/wp-content\/uploads\/2019\/04\/cropped-logo-grand-hd-contour-blacn-1-1.png","contentUrl":"https:\/\/www.havelette-avocats-rouen.aha-avocats.fr\/wp-content\/uploads\/2019\/04\/cropped-logo-grand-hd-contour-blacn-1-1.png","width":2220,"height":696,"caption":"Agn\u00e8s HAVELETTE"},"image":{"@id":"https:\/\/www.havelette-avocats-rouen.aha-avocats.fr\/accueil\/#\/schema\/logo\/image\/"}},{"@type":"WebSite","@id":"https:\/\/www.havelette-avocats-rouen.aha-avocats.fr\/accueil\/#website","url":"https:\/\/www.havelette-avocats-rouen.aha-avocats.fr\/accueil\/","name":"Agn\u00e8s HAVELETTE","description":"Avocat au barreau de Rouen","publisher":{"@id":"https:\/\/www.havelette-avocats-rouen.aha-avocats.fr\/accueil\/#organization"},"potentialAction":[{"@type":"SearchAction","target":{"@type":"EntryPoint","urlTemplate":"https:\/\/www.havelette-avocats-rouen.aha-avocats.fr\/accueil\/?s={search_term_string}"},"query-input":"required name=search_term_string"}],"inLanguage":"fr-FR"},{"@type":"WebPage","@id":"https:\/\/www.havelette-avocats-rouen.aha-avocats.fr\/accueil\/","url":"https:\/\/www.havelette-avocats-rouen.aha-avocats.fr\/accueil\/","name":"Accueil | Agn\u00e8s HAVELETTE | Avocat au barreau de Rouen","isPartOf":{"@id":"https:\/\/www.havelette-avocats-rouen.aha-avocats.fr\/accueil\/#website"},"datePublished":"2017-07-20T10:02:35+00:00","dateModified":"2018-12-28T10:14:02+00:00","description":"Le cabinet de Maitre Agn\u00e8s Havelette, avocats \u00e0 Rouen, est sp\u00e9cialis\u00e9 en Droit commercial des affaires et de la concurrence et en Droit Bancaire et Boursier","breadcrumb":{"@id":"https:\/\/www.havelette-avocats-rouen.aha-avocats.fr\/accueil\/#breadcrumb"},"inLanguage":"fr-FR","potentialAction":[{"@type":"ReadAction","target":["https:\/\/www.havelette-avocats-rouen.aha-avocats.fr\/accueil\/"]}]},{"@type":"BreadcrumbList","@id":"https:\/\/www.havelette-avocats-rouen.aha-avocats.fr\/accueil\/#breadcrumb","itemListElement":[{"@type":"ListItem","position":1,"name":"Accueil","item":"https:\/\/www.havelette-avocats-rouen.aha-avocats.fr\/accueil\/"},{"@type":"ListItem","position":2,"name":"Accueil"}]}]}},"_links":{"self":[{"href":"https:\/\/www.havelette-avocats-rouen.aha-avocats.fr\/accueil\/wp-json\/wp\/v2\/pages\/16"}],"collection":[{"href":"https:\/\/www.havelette-avocats-rouen.aha-avocats.fr\/accueil\/wp-json\/wp\/v2\/pages"}],"about":[{"href":"https:\/\/www.havelette-avocats-rouen.aha-avocats.fr\/accueil\/wp-json\/wp\/v2\/types\/page"}],"author":[{"embeddable":true,"href":"https:\/\/www.havelette-avocats-rouen.aha-avocats.fr\/accueil\/wp-json\/wp\/v2\/users\/1"}],"replies":[{"embeddable":true,"href":"https:\/\/www.havelette-avocats-rouen.aha-avocats.fr\/accueil\/wp-json\/wp\/v2\/comments?post=16"}],"version-history":[{"count":13,"href":"https:\/\/www.havelette-avocats-rouen.aha-avocats.fr\/accueil\/wp-json\/wp\/v2\/pages\/16\/revisions"}],"predecessor-version":[{"id":164,"href":"https:\/\/www.havelette-avocats-rouen.aha-avocats.fr\/accueil\/wp-json\/wp\/v2\/pages\/16\/revisions\/164"}],"wp:attachment":[{"href":"https:\/\/www.havelette-avocats-rouen.aha-avocats.fr\/accueil\/wp-json\/wp\/v2\/media?parent=16"}],"curies":[{"name":"wp","href":"https:\/\/api.w.org\/{rel}","templated":true}]}}